{"id":5342,"date":"2018-05-25T10:46:57","date_gmt":"2018-05-25T08:46:57","guid":{"rendered":"http:\/\/www.sermonfortapelsson.de\/WP\/cookie-policy\/"},"modified":"2022-11-01T13:57:07","modified_gmt":"2022-11-01T12:57:07","slug":"cookie-policy","status":"publish","type":"page","link":"https:\/\/andreleischner.de\/WP\/cookie-policy\/","title":{"rendered":"Cookie Policy"},"content":{"rendered":"<div class=\"wpb-content-wrapper\"><p>[vc_row][vc_column width=&#8220;1\/3&#8243;][vc_column_text]<\/p>\r\n<h2 class=\"wp-block-heading\">Cookie-Richtlinie<\/h2>\r\n\r\n<p>Diese Website verwendet Cookies \u2013 kleine Textdateien, die auf Ihrem Computer abgelegt werden, um der Website zu helfen, eine bessere Benutzererfahrung zu bieten. Im Allgemeinen werden Cookies verwendet, um Benutzereinstellungen beizubehalten, Informationen f\u00fcr Dinge wie Einkaufswagen zu speichern und anonymisierte Tracking-Daten f\u00fcr Anwendungen von Drittanbietern wie Google Analytics bereitzustellen. In der Regel verbessern Cookies Ihr Surferlebnis. M\u00f6glicherweise ziehen Sie es jedoch vor, Cookies auf dieser Website zu deaktivieren. Der effektivste Weg dies zu tun besteht darin, Cookies in Ihrem Browser zu deaktivieren. Hierzu informieren Sie sich bitte im Hilfebereich Ihres Browsers oder werfen einen Blick auf die <a href=\"http:\/\/www.aboutcookies.org\" target=\"_blank\" rel=\"noreferrer noopener\">About Cookies Website<\/a>, die Anleitungen f\u00fcr alle modernen Browser bietet.<\/p>\r\n<p>[\/vc_column_text][\/vc_column][vc_column width=&#8220;1\/3&#8243;][vc_column_text]<\/p>\r\n<h2>Cookie Policy<\/h2>\r\n<p>This site uses cookies &#8211; small text files that are placed on your machine to help the site provide a better user experience. In general, cookies are used to retain user preferences, store information for things like shopping carts, and provide anonymised tracking data to third party applications like Google Analytics. As a rule, cookies will make your browsing experience better. However, you may prefer to disable cookies on this site and on others. The most effective way to do this is to disable cookies in your browser. We suggest consulting the Help section of your browser or taking a look at <a href=\"http:\/\/www.aboutcookies.org\" target=\"_blank\" rel=\"noopener\">the About Cookies website<\/a> which offers guidance for all modern browsers.<\/p>\r\n<p>[\/vc_column_text][\/vc_column][vc_column width=&#8220;1\/3&#8243;][vc_column_text]<\/p>\r\n<h2>Politique relative aux cookies<\/h2>\r\n<p>Ce site Web utilise des cookies &#8211; de petits fichiers texte plac\u00e9s sur votre ordinateur pour aider le site Web \u00e0 offrir une meilleure exp\u00e9rience utilisateur. En g\u00e9n\u00e9ral, les cookies sont utilis\u00e9s pour conserver les pr\u00e9f\u00e9rences de l&#8217;utilisateur, stocker des informations pour des \u00e9l\u00e9ments tels que les paniers d&#8217;achat et fournir des donn\u00e9es de suivi anonymis\u00e9es pour des applications tierces telles que Google Analytics. En r\u00e8gle g\u00e9n\u00e9rale, les cookies am\u00e9liorent votre exp\u00e9rience de navigation. Cependant, vous pouvez pr\u00e9f\u00e9rer d\u00e9sactiver les cookies sur ce site Web. La fa\u00e7on la plus efficace de le faire est de d\u00e9sactiver les cookies dans votre navigateur. Pour plus d&#8217;informations, veuillez consulter la section d&#8217;aide de votre navigateur ou consulter le site <a href=\"http:\/\/www.aboutcookies.org\" target=\"_blank\" rel=\"noopener\">aboutcookies.org<\/a>, qui propose des instructions pour tous les navigateurs modernes.<\/p>\r\n<p>[\/vc_column_text][\/vc_column][\/vc_row]<\/p><\/div>","protected":false},"excerpt":{"rendered":"<p>[vc_row][vc_column width=&#8220;1\/3&#8243;][vc_column_text] Cookie-Richtlinie Diese Website verwendet Cookies \u2013 kleine Textdateien, die auf Ihrem Computer abgelegt werden, um der Website zu helfen, eine bessere Benutzererfahrung zu bieten. Im Allgemeinen werden Cookies verwendet, um Benutzereinstellungen beizubehalten, Informationen f\u00fcr Dinge wie Einkaufswagen zu speichern und anonymisierte Tracking-Daten f\u00fcr Anwendungen von Drittanbietern wie Google Analytics bereitzustellen. In der Regel&hellip;<\/p>\n","protected":false},"author":3,"featured_media":0,"parent":0,"menu_order":6,"comment_status":"closed","ping_status":"closed","template":"","meta":{"_acf_changed":false,"footnotes":""},"class_list":["post-5342","page","type-page","status-publish","hentry"],"acf":[],"_links":{"self":[{"href":"https:\/\/andreleischner.de\/WP\/wp-json\/wp\/v2\/pages\/5342","targetHints":{"allow":["GET"]}}],"collection":[{"href":"https:\/\/andreleischner.de\/WP\/wp-json\/wp\/v2\/pages"}],"about":[{"href":"https:\/\/andreleischner.de\/WP\/wp-json\/wp\/v2\/types\/page"}],"author":[{"embeddable":true,"href":"https:\/\/andreleischner.de\/WP\/wp-json\/wp\/v2\/users\/3"}],"replies":[{"embeddable":true,"href":"https:\/\/andreleischner.de\/WP\/wp-json\/wp\/v2\/comments?post=5342"}],"version-history":[{"count":6,"href":"https:\/\/andreleischner.de\/WP\/wp-json\/wp\/v2\/pages\/5342\/revisions"}],"predecessor-version":[{"id":11175,"href":"https:\/\/andreleischner.de\/WP\/wp-json\/wp\/v2\/pages\/5342\/revisions\/11175"}],"wp:attachment":[{"href":"https:\/\/andreleischner.de\/WP\/wp-json\/wp\/v2\/media?parent=5342"}],"curies":[{"name":"wp","href":"https:\/\/api.w.org\/{rel}","templated":true}]}}