{"id":347,"date":"2012-03-30T16:37:09","date_gmt":"2012-03-30T14:37:09","guid":{"rendered":"http:\/\/nc2569.eden5.netclusive.de\/WP\/?page_id=347"},"modified":"2024-10-21T15:31:31","modified_gmt":"2024-10-21T13:31:31","slug":"impressum-2","status":"publish","type":"page","link":"https:\/\/andreleischner.de\/WP\/impressum-2\/","title":{"rendered":"Impressum &#038; Datenschutz"},"content":{"rendered":"<div class=\"wpb-content-wrapper\"><p>[vc_row][vc_column][vc_column_text]<\/p>\n<h2>Cookies verwalten:<\/h2>\n<p><strong><a class=\"nsc-bara-manage-cookie-settings\" style=\"cursor: pointer;\">Cookie Settings<\/a><\/strong>[\/vc_column_text][\/vc_column][vc_column][vc_column_text css=&#8220;&#8220;]<\/p>\n<div id=\"yass_top_edge_dummy\" style=\"width: 1px; height: 1px; padding: 0px; margin: -11px 0px 0px; border-width: 0px; display: block;\"><\/div>\n<div id=\"yass_top_edge\" style=\"background-image: url('chrome:\/\/yass\/content\/edgebgtop.png'); background-attachment: scroll; background-position: center bottom; padding: 0px; margin: 0px 0px 0px -10px; border-width: 0px; height: 0px; display: block; width: 1px;\"><\/div>\n<hr \/>\n<h2>Impressum<\/h2>\n<hr \/>\n<h4><\/h4>\n<h4>Anschrift<\/h4>\n<p style=\"margin-top: 10px;\">Andr\u00e9 Leischner<br \/>\nR\u00f6merplatz 12<br \/>\nD \u2013 08056 Zwickau<\/p>\n<p>Telefon: \u202d+49 170 696 696 0<br \/>\nEmail: post\/at\/andreleischner\/punkt\/de<\/p>\n<p style=\"margin-top: 10px;\">Internet : <a href=\"http:\/\/www.andreleischner.de\">https:\/\/andreleischner.de<\/a><\/p>\n<h4 style=\"margin-top: 10px;\">Ust.ID gem. \u00a7 27a UStG:<\/h4>\n<p style=\"margin-top: 10px;\">Gem. \u00a719 UStG wird keine Umsatzsteuer erhoben.<\/p>\n<h4 style=\"margin-top: 10px;\">Inhaltlich verantwortlich gem\u00e4\u00df \u00a7 55 Abs. 2 RStV:<\/h4>\n<p style=\"margin-top: 10px;\">Dipl. Ing. (FH) Arch. Andr\u00e9 Leischner<\/p>\n<p><a title=\"Feedback\" href=\"https:\/\/andreleischner.de\/WP\/contact\/\">Email&#8230;<\/a><\/p>\n<h4><strong>Urheberrecht<br \/>\n<\/strong><\/h4>\n<p>Alle Fotos sind urheberrechtlich gesch\u00fctzt. Jede Vervielf\u00e4ltigung, Verbreitung, Speicherung, \u00dcbermittlung, Sendung und Wieder- bzw. Weitergabe ohne schriftliche Genehmigung des Betreibers dieses Internetangebotes ist ausdr\u00fccklich untersagt und wird bei Bekanntwerden ausnahmslos strafrechtlich verfolgt.<\/p>\n<hr \/>\n<p><a href=\"https:\/\/www.netclusive.de\/?id=101055\" target=\"_blank\" rel=\"noopener\"><img decoding=\"async\" title=\"Hosting by netclusive\" src=\"https:\/\/cdn.netclusive.de\/www.netclusive.de\/pb_netclusive.png\" alt=\"powered by www.netclusive.de\" \/><\/a><\/p>\n<hr \/>\n<h2>Datenschutzerkl\u00e4rung<\/h2>\n<hr \/>\n<p>Der Betreiber dieser Seiten nimmt den Schutz Ihrer pers\u00f6nlichen Daten sehr ernst. Ich behandele Ihre personenbezogenen Daten vertraulich und entsprechend der gesetzlichen Datenschutzvorschriften sowie dieser Datenschutzerkl\u00e4rung.<\/p>\n<p>Die Nutzung meiner Webseite ist in der Regel ohne Angabe personenbezogener Daten m\u00f6glich. Soweit auf meinen Seiten personenbezogene Daten (beispielsweise Name, Anschrift oder E-Mail-Adressen) erhoben werden, erfolgt dies, soweit m\u00f6glich, stets auf freiwilliger Basis. Diese Daten werden ohne Ihre ausdr\u00fcckliche Zustimmung nicht an Dritte weitergegeben.<\/p>\n<p>Ich weise darauf hin, dass die Daten\u00fcbertragung im Internet (z.B. bei der Kommunikation per E-Mail) Sicherheitsl\u00fccken aufweisen kann. Ein l\u00fcckenloser Schutz der Daten vor dem Zugriff durch Dritte ist nicht m\u00f6glich.<\/p>\n<p>Verantwortlicher nach Art. 4 DSGVO und zugleich Diensteanbieter im Sinne des Telemediengesetzes (TMG) ist Andr\u00e9 Leischner, Anschrift siehe oben.<\/p>\n<h4>Erhebung und Verwendung Ihrer Daten<\/h4>\n<p>Alle personenbezogenen Daten, die ich von Ihnen erhebe, werde ich nur zu dem angegebenen Zweck erheben, verarbeiten und nutzen. Dabei beachte ich, dass dies nur im Rahmen der jeweils geltenden Rechtsvorschriften bzw. ansonsten nur mit Ihrer Einwilligung geschieht. Sie k\u00f6nnen gem\u00e4\u00df Art. 21 DSGVO in den dort genannten F\u00e4llen Widerspruch gegen die Verarbeitung Ihrer Daten erheben. Bitte wenden Sie sich hierzu per Email (post[at]andreleischner.de) an mich oder senden Sie mir Ihr Verlangen per Post. Sie haben das Recht zur Beschwerde bei der zust\u00e4ndigen Aufsichtsbeh\u00f6rde f\u00fcr den Datenschutz:<\/p>\n<p>S\u00e4chsischer Datenschutzbeauftragter<br \/>\nKontor am Landtag<br \/>\nDevrienstra\u00dfe 1<br \/>\n01067 Dresden<br \/>\nTelefon: 0351 493 5401<br \/>\nTelefax: 0351 493 5490<br \/>\nEmail: <a href=\"mailto:saechsdsb@slt.sachsen.de\">saechsdsb@slt.sachsen.de<\/a><br \/>\n<a href=\"http:\/\/www.datenschutz.sachsen.de\">www.datenschutz.sachsen.de<\/a><\/p>\n<p>Umfang und Art der Erhebung und Verwendung Ihrer Daten unterscheidet sich danach, ob Sie meinen Internetauftritt nur zum Abruf von Informationen besuchen oder von mir angebotene Leistungen in Anspruch nehmen:<\/p>\n<h5><strong>a) Internetnutzung<\/strong><\/h5>\n<p>F\u00fcr die nur informatorische Nutzung meines Internetauftritts ist es grunds\u00e4tzlich nicht erforderlich, dass Sie personenbezogene Daten angeben. Vielmehr erhebe und verwende ich in diesem Fall nur diejenigen Ihrer Daten, die mir Ihr Internetbrowser automatisch \u00fcbermittelt, wie etwa:<\/p>\n<ul>\n<li>Datum und Uhrzeit des Abrufs einer unserer Internetseiten<\/li>\n<li>Ihren Browsertyp<\/li>\n<li>die Browser-Einstellungen<\/li>\n<li>das verwendete Betriebssystem<\/li>\n<li>die von Ihnen zuletzt besuchte Seite<\/li>\n<li>die \u00fcbertragene Datenmenge und der Zugriffsstatus (Datei \u00fcbertragen, Datei nicht gefunden etc.) sowie<\/li>\n<li>Ihre IP-Adresse.<\/li>\n<\/ul>\n<p>Diese Daten erhebe und verwende ich bei einem informatorischen Besuch ausschlie\u00dflich in nicht-personenbezogener Form. Dies erfolgt, um die Nutzung der von Ihnen abgerufenen Internetseiten \u00fcberhaupt zu erm\u00f6glichen, zu statistischen Zwecken sowie zur Verbesserung meines Internetangebots. Die IP-Adresse speichere ich nur f\u00fcr die Dauer Ihres Besuchs, eine personenbezogene Auswertung findet nicht statt. Eine Zusammenf\u00fchrung dieser Daten mit anderen Datenquellen wird nicht vorgenommen, die Daten werden zudem nach einer statistischen Auswertung gel\u00f6scht. Dies ist nach der Entscheidung des Europ\u00e4ischen Gerichtshofs vom 19.10.2016 (Az.: C582\/14) auch in Anbetracht des Telemediengesetzes zul\u00e4ssig.<\/p>\n<h5><strong>b) Nutzung von Angeboten bzw. Datenverwendung zur Aufgabenerf\u00fcllung<\/strong><\/h5>\n<p>Soweit Sie von mir angebotene Leistungen in Anspruch nehmen wollen, ist es m\u00f6glicherweise n\u00f6tig, dass Sie dazu weitere Daten angeben. Es handelt sich um diejenigen Daten, die zur jeweiligen Abwicklung erforderlich sind. Weitere Angaben k\u00f6nnen Sie ggf. freiwillig t\u00e4tigen; sie sind von mir entsprechend als optional markiert. Die Erhebung oder Verwendung Ihrer Daten erfolgt zu dem Zweck, die von Ihnen gew\u00fcnschte notwendige Leistung zu erbringen. Ihre Daten werden zu vorgenanntem Zweck ggf. an mich unterst\u00fctzende Dienstleister weitergegeben, die ich selbstverst\u00e4ndlich sorgf\u00e4ltig ausgew\u00e4hlt und zur Einhaltung des Datenschutzrechts verpflichtet habe. Dabei kann es sich insbesondere um technische Dienstleister oder Versanddienstleister handeln. Die Weitergabe Ihrer Daten an andere Dritte erfolgt ansonsten nur, wenn dies gesetzlich erlaubt ist oder wir Ihre explizite Einwilligung daf\u00fcr erhalten haben.<\/p>\n<h4>Einsatz von Cookies<\/h4>\n<p>F\u00fcr meinen Internetauftritt nutze ich die Technik der Cookies. Cookies sind kleine Textdateien, die im Rahmen Ihres Besuchs meiner Internetseiten von meinem Webserver an Ihren Browser gesandt und von diesem auf Ihrem Rechner f\u00fcr einen sp\u00e4teren Abruf vorgehalten werden. Ich verwende ebenfalls sogenannte Web Beacons (unsichtbare Grafiken). Durch diese Web Beacons k\u00f6nnen Informationen wie der Besuch auf meinen Webseiten ausgewertet werden. Die durch Cookies und Web Beacons erzeugten Informationen \u00fcber die Benutzung dieser Website (einschlie\u00dflich der IP-Adresse der Nutzer) und Auslieferung von Werbung k\u00f6nnen grunds\u00e4tzlich auch an Server von Google LLC in der Europ\u00e4ischen Union und den USA \u00fcbertragen und dort gespeichert werden. (vgl.jedoch Nr.8). Dies versuche ich aus pers\u00f6nlicher \u00dcberzeugung heraus bestm\u00f6glich zu vermeiden, kann jedoch nicht garantieren, dass dies nicht trotzdem geschieht. Die weitergebenen Daten k\u00f6nnen nicht mit anderen von Ihnen gespeicherten Daten zusammengef\u00fchrt werden. Ob Cookies gesetzt und abgerufen werden k\u00f6nnen, k\u00f6nnen Sie durch die Einstellungen in Ihrem Browser selbst bestimmen. Sie k\u00f6nnen in Ihrem Browser etwa das Speichern von Cookies g\u00e4nzlich deaktivieren, es auf bestimmte Webseiten beschr\u00e4nken oder Ihren Browser so konfigurieren, dass er Sie automatisch benachrichtigt, sobald ein Cookie gesetzt werden soll und Sie um R\u00fcckmeldung dazu bittet. F\u00fcr den vollen Funktionsumfang meines Internetauftritts ist es allerdings aus technischen Gr\u00fcnden erforderlich, die genannten Session Cookies zuzulassen.<\/p>\n<p>Bitte beachten Sie hierzu auch die <a href=\"http:\/\/www.sermonfortapelsson.de\/WP\/cookie-policy\/\">Cookie Policy<\/a>.<\/p>\n<h4>Widerrufs- und Widerspruchsrecht<\/h4>\n<p>Ich weise Sie darauf hin, dass Sie eine mir ggf. erteilte datenschutzrechtliche Einwilligung jederzeit mit Wirkung f\u00fcr die Zukunft widerrufen k\u00f6nnen. Soweit gesetzliche Anforderungen zur Erhebung von Daten bestehen, besteht kein Widerrufsrecht.<\/p>\n<h4>Einsatz von Statistiktools<\/h4>\n<h5><strong>WordPress Stats<\/strong><\/h5>\n<p>Mir ist es wichtig, meine Internetseiten m\u00f6glichst optimal auszugestalten und damit f\u00fcr unsere Besucher attraktiv zu machen. Dazu ist es n\u00f6tig, dass ich wei\u00df, welche Teile davon wie bei meinen Besuchern ankommen. Meine\u00a0 Webseite benutzt\u00a0 WordPress Statistics, einen Webanalysedienst von wordpress.org. WordPress Stats verwendet ebenfalls Cookies, also Textdateien, die auf Ihrem Computer gespeichert werden und die eine Analyse der Benutzung\u00a0 der\u00a0 Webseite\u00a0 durch\u00a0 Sie\u00a0 erm\u00f6glichen. Die durch den Cookie erzeugten Informationen \u00fcber Ihre Benutzung dieser Webseite werden in der Regel an einen externen Server \u00fcbertragen und dort gespeichert. In meinem Auftrag wird WordPress diese Informationen benutzen, um Ihre Nutzung der Webseite auszuwerten, um Reports \u00fcber die Webseitenaktivit\u00e4ten zusammenzustellen und um weitere mit der Webseitennutzung und der Internetnutzung verbundene Dienstleistungen gegen\u00fcber mir als Webseitenbetreiber zu erbringen. Die im Rahmen von WordPress Stats von Ihrem Browser \u00fcbermittelte IP-Adresse wird nicht mit anderen Daten zusammengef\u00fchrt. Sie k\u00f6nnen die Speicherung der Cookies durch eine entsprechende Einstellung Ihrer Browsersoftware verhindern; ich weise Sie jedoch darauf hin, dass Sie in diesem Fall ggf. nicht s\u00e4mtliche Funktionen dieser Webseite vollumf\u00e4nglich werden nutzen k\u00f6nnen.<\/p>\n<h4>Datenschutzerkl\u00e4rung f\u00fcr die Nutzung von Facebook-Plugins (Like-Button)<\/h4>\n<p>Auf meinen Seiten sind Plugins des sozialen Netzwerks Facebook, Anbieter Facebook Inc., 1 Hacker Way, Menlo Park, California 94025, USA, integriert. Die Facebook-Plugins erkennen Sie an dem Facebook-Logo oder dem &#8222;Like-Button&#8220; (&#8222;Gef\u00e4llt mir&#8220;) auf unserer Seite. Eine \u00dcbersicht \u00fcber die Facebook-Plugins finden Sie hier: <a href=\"http:\/\/developers.facebook.com\/docs\/plugins\/\" target=\"_blank\" rel=\"noopener\">http:\/\/developers.facebook.com\/docs\/plugins\/<\/a>.<\/p>\n<p>Wenn Sie meine Seiten besuchen, wird \u00fcber das Plugin eine direkte Verbindung zwischen Ihrem Browser und dem Facebook-Server hergestellt. Facebook erh\u00e4lt dadurch die Information, dass Sie mit Ihrer IP-Adresse meine Seite besucht haben. Wenn Sie den Facebook &#8222;Like-Button&#8220; anklicken w\u00e4hrend Sie in Ihrem Facebook-Account eingeloggt sind, k\u00f6nnen Sie die Inhalte meiner Seiten auf Ihrem Facebook-Profil verlinken. Dadurch kann Facebook den Besuch meiner Seiten Ihrem Benutzerkonto zuordnen. Ich weise darauf hin, dass ich als Anbieter der Seiten keine Kenntnis vom Inhalt der \u00fcbermittelten Daten sowie deren Nutzung durch Facebook erhalte. Weitere Informationen hierzu finden Sie in der Datenschutzerkl\u00e4rung von Facebook unter <a href=\"http:\/\/de-de.facebook.com\/policy.php\" target=\"_blank\" rel=\"noopener\">http:\/\/de-de.facebook.com\/policy.php<\/a>.<\/p>\n<p>Wenn Sie nicht w\u00fcnschen, dass Facebook den Besuch meiner Seiten Ihrem Facebook- Nutzerkonto zuordnen kann, loggen Sie sich bitte aus Ihrem Facebook-Benutzerkonto aus.<!--\n&nbsp;\n\n\n<h4>Datenschutzerkl\u00e4rung f\u00fcr die Nutzung von Tumblr\nMeine Seiten nutzen Schaltfl\u00e4chen des Dienstes Tumblr. Anbieter ist die Tumblr, Inc., 35 East 21st St, 10th Floor, New York, NY 10010, USA. Diese Schaltfl\u00e4chen erm\u00f6glichen es Ihnen, einen Beitrag oder eine Seite bei Tumblr zu teilen oder dem Anbieter bei Tumblr zu folgen. Wenn Sie eine meiner Webseiten mit Tumblr-Button aufrufen, baut der Browser eine direkte Verbindung mit den Servern von Tumblr auf. Ich habe keinen Einfluss auf den Umfang der Daten, die Tumblr mit Hilfe dieses Plugins erhebt und \u00fcbermittelt. Nach aktuellem Stand werden die IP-Adresse des Nutzers sowie die URL der jeweiligen Webseite \u00fcbermittelt.\n\nWeitere Informationen hierzu finden sich in der Datenschutzerkl\u00e4rung von Tumblr unter <a href=\"http:\/\/www.tumblr.com\/policy\/de\/privacy\" target=\"_blank\" rel=\"noopener\">http:\/\/www.tumblr.com\/policy\/de\/privacy<\/a>.\n--><br \/>\n<\/h4>\n<h4>Auskunft, L\u00f6schung, Sperrung<\/h4>\n<p>Sie haben jederzeit das Recht auf unentgeltliche Auskunft \u00fcber Ihre gespeicherten personenbezogenen Daten, deren Herkunft und Empf\u00e4nger und den Zweck der Datenverarbeitung sowie ein Recht auf Berichtigung, Sperrung oder L\u00f6schung dieser Daten. Hierzu sowie zu weiteren Fragen zum Thema personenbezogene Daten k\u00f6nnen Sie sich jederzeit unter der im Impressum angegebenen Adresse an mich wenden.<\/p>\n<h4>Server-Log-Files<\/h4>\n<p>Der Provider der Seiten erhebt und speichert automatisch Informationen in so genannten Server-Log Files, die Ihr Browser automatisch an mich \u00fcbermittelt. Dies sind:<\/p>\n<ul>\n<li>Browsertyp\/ Browserversion<\/li>\n<li>verwendetes Betriebssystem<\/li>\n<li>Referrer URL<\/li>\n<li>Hostname des zugreifenden Rechners<\/li>\n<li>Uhrzeit der Serveranfrage<\/li>\n<\/ul>\n<p>Diese Daten sind nicht bestimmten Personen zuordenbar. Eine Zusammenf\u00fchrung dieser Daten mit anderen Datenquellen wird nicht vorgenommen. Ich behalte mir vor, diese Daten nachtr\u00e4glich zu pr\u00fcfen, wenn mir konkrete Anhaltspunkte f\u00fcr eine rechtswidrige Nutzung bekannt werden.<\/p>\n<h4>Kontaktformular<\/h4>\n<p>Wenn Sie mir per Kontaktformular Anfragen zukommen lassen, werden Ihre Angaben aus dem Anfrageformular inklusive der von Ihnen dort angegebenen Kontaktdaten zwecks Bearbeitung der Anfrage und f\u00fcr den Fall von Anschlussfragen bei mir gespeichert. Diese Daten gebe ich nicht ohne Ihre Einwilligung weiter.[\/vc_column_text][\/vc_column][\/vc_row]<\/p>\n<\/div>","protected":false},"excerpt":{"rendered":"<p>[vc_row][vc_column][vc_column_text] Cookies verwalten: [\/vc_column_text][\/vc_column][vc_column][vc_column_text css=&#8220;&#8220;] Impressum Anschrift Andr\u00e9 Leischner R\u00f6merplatz 12 D \u2013 08056 Zwickau Telefon: \u202d+49 170 696 696 0 Email: post\/at\/andreleischner\/punkt\/de Internet : https:\/\/andreleischner.de Ust.ID gem. \u00a7 27a UStG: Gem. \u00a719 UStG wird keine Umsatzsteuer erhoben. Inhaltlich verantwortlich gem\u00e4\u00df \u00a7 55 Abs. 2 RStV: Dipl. Ing. (FH) Arch. Andr\u00e9 Leischner Email&#8230; Urheberrecht Alle&hellip;<\/p>\n","protected":false},"author":3,"featured_media":0,"parent":0,"menu_order":8,"comment_status":"closed","ping_status":"closed","template":"","meta":{"_acf_changed":false,"footnotes":""},"class_list":["post-347","page","type-page","status-publish","hentry"],"acf":[],"_links":{"self":[{"href":"https:\/\/andreleischner.de\/WP\/wp-json\/wp\/v2\/pages\/347","targetHints":{"allow":["GET"]}}],"collection":[{"href":"https:\/\/andreleischner.de\/WP\/wp-json\/wp\/v2\/pages"}],"about":[{"href":"https:\/\/andreleischner.de\/WP\/wp-json\/wp\/v2\/types\/page"}],"author":[{"embeddable":true,"href":"https:\/\/andreleischner.de\/WP\/wp-json\/wp\/v2\/users\/3"}],"replies":[{"embeddable":true,"href":"https:\/\/andreleischner.de\/WP\/wp-json\/wp\/v2\/comments?post=347"}],"version-history":[{"count":61,"href":"https:\/\/andreleischner.de\/WP\/wp-json\/wp\/v2\/pages\/347\/revisions"}],"predecessor-version":[{"id":12701,"href":"https:\/\/andreleischner.de\/WP\/wp-json\/wp\/v2\/pages\/347\/revisions\/12701"}],"wp:attachment":[{"href":"https:\/\/andreleischner.de\/WP\/wp-json\/wp\/v2\/media?parent=347"}],"curies":[{"name":"wp","href":"https:\/\/api.w.org\/{rel}","templated":true}]}}