{"id":2261,"date":"2015-03-12T16:17:44","date_gmt":"2015-03-12T16:17:44","guid":{"rendered":"http:\/\/demo-content.kaliumtheme.com\/photography\/?page_id=2261"},"modified":"2026-01-30T14:17:53","modified_gmt":"2026-01-30T13:17:53","slug":"contact","status":"publish","type":"page","link":"https:\/\/andreleischner.de\/WP\/contact\/","title":{"rendered":"Kontakt"},"content":{"rendered":"<div class=\"wpb-content-wrapper\"><p>[vc_row][vc_column width=&#8220;1\/3&#8243;][vc_column_text css=&#8220;.vc_custom_1734540214924{padding-right: 40px !important;background-color: #ffffff !important;}&#8220;]<strong>Um per Email mit mir in Kontakt zu treten, nutze bitte das untenstehende Kontaktformular. Ich werde mich dann umgehend zur\u00fcckmelden.<\/strong><\/p>\n<p>[\/vc_column_text][lab_contact_form message_title=&#8220;Nachricht:&#8220; show_subject_field=&#8220;yes&#8220; subject_title=&#8220;Betrifft:&#8220; submit_title=&#8220;Senden&#8220; submit_success=&#8220;Danke! #, Ihre Nachricht wurde gesendet.&#8220; alert_errors=&#8220;yes&#8220; enable_recaptcha=&#8220;yes&#8220; email_receiver=&#8220;post@andreleischner.de&#8220; privacy_policy_text=&#8220;Den untenstehenden Hinweis zum Datenschutz habe ich gelesen und verstanden und stimme der Erhebung der Daten zu.&#8220;][vc_column_text css=&#8220;&#8220;]<\/p>\n<h4>Wichtiger Hinweis zum Datenschutz<\/h4>\n<p>Wenn du per Formular eine Anfrage sendst, werden deine Angaben aus dem Anfrageformular inklusive der von dir dort angegebenen Kontaktdaten zwecks Bearbeitung der Anfrage und f\u00fcr den Fall von Anschlussfragen bei mir gespeichert. Diese Daten gebe ich nicht ohne deine Einwilligung weiter. Die Daten werden nach abgeschlossener Bearbeitung deiner Anfrage gel\u00f6scht, in sofern sie nicht aus berechtigtem Interesse (z. B. f\u00fcr die Bearbeitung eines Auftrages) vonn\u00f6ten sind. Du kannst deine Einwilligung jederzeit f\u00fcr die Zukunft per E-Mail oder Post widerrufen. Detaillierte Informationen zum Umgang mit Nutzerdaten findest du in der <a href=\"http:\/\/www.sermonfortapelsson.de\/WP\/impressum-2\/\">Datenschutzerkl\u00e4rung<\/a>.<\/p>\n<p>[\/vc_column_text][\/vc_column][vc_column width=&#8220;1\/3&#8243;][vc_column_text css=&#8220;&#8220;]<\/p>\n<h5><strong>Adresse Studio:<\/strong><\/h5>\n<p>Seilerstra\u00dfe 1<br \/>\nD &#8211; 08056 Zwickau<\/p>\n<p><a href=\"https:\/\/maps.apple.com\/place?address=Seilerstra%C3%9Fe+1%2C+08056+Zwickau%2C+Deutschland&amp;coordinate=50.7224245%2C12.4804391&amp;name=Seilerstra%C3%9Fe+1\" target=\"_blank\" rel=\"noopener noreferrer\"><strong>\u2192 Apple Maps<\/strong><\/a><\/p>\n<p><a href=\"https:\/\/www.google.com\/maps\/place\/Seilerstra%C3%9Fe+1,+08056+Zwickau\/@50.72136,12.4785713,17z\/data=!3m1!4b1!4m5!3m4!1s0x47a72c58368a01a5:0x23b857ebe32dedfa!8m2!3d50.72136!4d12.48076\" target=\"_blank\" rel=\"noopener noreferrer\">\u2192 Google Maps<\/a>[\/vc_column_text][vc_column_text css=&#8220;&#8220;]<\/p>\n<h5><strong>Telefon:<\/strong><\/h5>\n<p>\u202d+49 170 696 696 0<\/p>\n<h6><strong>Ich nutze kein WhatsApp.<\/strong><\/h6>\n<p><strong>Nicht aus Bequemlichkeit, sondern aus \u00dcberzeugung. Gegen \u00dcberwachung, f\u00fcr digitale Selbstbestimmung. <\/strong><br \/>\n<strong>Wenn du magst, geh mit:<\/strong><\/p>\n<p><a href=\"https:\/\/signal.org\/de\/download\/\" target=\"_blank\" rel=\"noopener\">\u2192 Signal<\/a> statt WhatsApp,<br \/>\n<a href=\"https:\/\/bsky.app\/\" target=\"_blank\" rel=\"noopener\">\u2192 Bluesky<\/a> statt datenhungriger Netzwerke,<br \/>\n<a href=\"https:\/\/www.firefox.com\/de\/browsers\/desktop\/\" target=\"_blank\" rel=\"noopener\">\u2192 Firefox<\/a> und <a href=\"https:\/\/duckduckgo.com\/\" target=\"_blank\" rel=\"noopener\">DuckDuckGo<\/a> statt Tracking als Gesch\u00e4ftsmodell.[\/vc_column_text][\/vc_column][vc_column width=&#8220;1\/3&#8243;][\/vc_column][\/vc_row]<\/p>\n<\/div>","protected":false},"excerpt":{"rendered":"<p>[vc_row][vc_column width=&#8220;1\/3&#8243;][vc_column_text css=&#8220;.vc_custom_1734540214924{padding-right: 40px !important;background-color: #ffffff !important;}&#8220;]Um per Email mit mir in Kontakt zu treten, nutze bitte das untenstehende Kontaktformular. Ich werde mich dann umgehend zur\u00fcckmelden. [\/vc_column_text][lab_contact_form message_title=&#8220;Nachricht:&#8220; show_subject_field=&#8220;yes&#8220; subject_title=&#8220;Betrifft:&#8220; submit_title=&#8220;Senden&#8220; submit_success=&#8220;Danke! #, Ihre Nachricht wurde gesendet.&#8220; alert_errors=&#8220;yes&#8220; enable_recaptcha=&#8220;yes&#8220; email_receiver=&#8220;post@andreleischner.de&#8220; privacy_policy_text=&#8220;Den untenstehenden Hinweis zum Datenschutz habe ich gelesen und verstanden und stimme der Erhebung der&hellip;<\/p>\n","protected":false},"author":3,"featured_media":0,"parent":0,"menu_order":3,"comment_status":"open","ping_status":"closed","template":"","meta":{"_acf_changed":false,"footnotes":""},"class_list":["post-2261","page","type-page","status-publish","hentry"],"acf":[],"_links":{"self":[{"href":"https:\/\/andreleischner.de\/WP\/wp-json\/wp\/v2\/pages\/2261","targetHints":{"allow":["GET"]}}],"collection":[{"href":"https:\/\/andreleischner.de\/WP\/wp-json\/wp\/v2\/pages"}],"about":[{"href":"https:\/\/andreleischner.de\/WP\/wp-json\/wp\/v2\/types\/page"}],"author":[{"embeddable":true,"href":"https:\/\/andreleischner.de\/WP\/wp-json\/wp\/v2\/users\/3"}],"replies":[{"embeddable":true,"href":"https:\/\/andreleischner.de\/WP\/wp-json\/wp\/v2\/comments?post=2261"}],"version-history":[{"count":69,"href":"https:\/\/andreleischner.de\/WP\/wp-json\/wp\/v2\/pages\/2261\/revisions"}],"predecessor-version":[{"id":13456,"href":"https:\/\/andreleischner.de\/WP\/wp-json\/wp\/v2\/pages\/2261\/revisions\/13456"}],"wp:attachment":[{"href":"https:\/\/andreleischner.de\/WP\/wp-json\/wp\/v2\/media?parent=2261"}],"curies":[{"name":"wp","href":"https:\/\/api.w.org\/{rel}","templated":true}]}}