{"id":2167,"date":"2015-03-12T14:52:34","date_gmt":"2015-03-12T14:52:34","guid":{"rendered":"http:\/\/demo-content.kaliumtheme.com\/photography\/?page_id=2167"},"modified":"2025-12-21T11:06:25","modified_gmt":"2025-12-21T10:06:25","slug":"about-me","status":"publish","type":"page","link":"https:\/\/andreleischner.de\/WP\/about-me\/","title":{"rendered":"Andr\u00e9 Leischner"},"content":{"rendered":"<div class=\"wpb-content-wrapper\"><p>[vc_row][vc_column width=&#8220;1\/3&#8243;][vc_single_image image=&#8220;13393&#8243; img_size=&#8220;full&#8220; add_caption=&#8220;yes&#8220; css_animation=&#8220;none&#8220; css=&#8220;&#8220; retina_image=&#8220;yes&#8220;][\/vc_column][vc_column width=&#8220;1\/3&#8243;][vc_column_text css=&#8220;&#8220;]Andr\u00e9 Leischner ist ein 1978 in Zwickau geborener Fotograf, der f\u00fcr seine ausdrucksstarken B\u00fchnen-, Portrait- und People-Fotografien bekannt ist. Urspr\u00fcnglich ausgebildeter Architekt, hat Leischner seine Passion f\u00fcr die Fotografie im Laufe der Zeit von einem kreativen Nebenprojekt zu seiner beruflichen Hauptt\u00e4tigkeit entwickelt.<\/p>\n<p>Nach seinem Architekturstudium an der TU Dresden und der WH Zwickau gr\u00fcndete er 2004 ein <a href=\"https:\/\/www.ahoch4.de\/\" target=\"_blank\" rel=\"noopener\">eigenes Architekturb\u00fcro<\/a>. W\u00e4hrend dieser Jahre begann Leischner bereits, seine Bildsprache, die f\u00fcr ihre Authentizit\u00e4t, Emotionalit\u00e4t und \u00e4sthetische Klarheit gesch\u00e4tzt wird, zu entwickeln und an nichtkommerziellen Projekten zu arbeiten, unter anderem in Zusammenarbeit mit dem Mondstaubtheater Zwickau und Modellen der nationalen und internationalen Independent-Fotografie-Szene. Auch auf Reisen, bisher u. a. nach Skandinavien, S\u00fcdeuropa und Asien, entwickelt Andr\u00e9 Leischner seine Sichten und Positionen als Fotograf mit dem Schwerpunkt Mensch stets weiter.<\/p>\n<p>Nach Jahren freier Arbeit gab er seine T\u00e4tigkeit als Architekt auf und ging 2019 als Theaterfotograf ans <a href=\"https:\/\/www.theater-plauen-zwickau.de\/\" target=\"_blank\" rel=\"noopener\">Theater Plauen-Zwickau<\/a>. In dieser Position dokumentiert er s\u00e4mtliche Produktionen des Hauses, vom klassischen Schauspiel \u00fcber Oper und Musical bis hin zu Ballett- und Tanzproduktionen. Seine Aufnahmen tragen ma\u00dfgeblich zur visuellen Pr\u00e4senz des Theaters bei. Leischners Fotos werden regelm\u00e4\u00dfig in Publikationen, Programmheften und auf offiziellen Kan\u00e4len des Theaters verwendet und sind auch auf diversen Kulturplattformen zu finden.<\/p>\n<p>2025 gewann Andr\u00e9 Leischner beim international ausgelobten Wettbewerb \u201eTheatre Exposed-2025\u201c in zwei Kategorien den ersten Preis, sowohl mit einer <a href=\"https:\/\/andreleischner.de\/WP\/backstage\/\" target=\"_blank\" rel=\"noopener\">Aufnahme aus dem Gewandhaus Zwickau<\/a> als auch mit einem <a href=\"https:\/\/andreleischner.de\/WP\/closeness\/\" target=\"_blank\" rel=\"noopener\">Foto aus dem Ballettabend \u201eSchumann!\u201c<\/a> aus der Spielzeit 2023\/24. Diese Auszeichnungen unterstreichen seine internationale Anerkennung und die k\u00fcnstlerische Qualit\u00e4t seiner Theaterfotografie.<\/p>\n<p>Seine k\u00fcnstlerischen Arbeiten wurden deutschlandweit ausgestellt. Leischner gilt heute als eine der pr\u00e4genden fotografischen Stimmen der Region und verbindet in seiner Arbeit technische Pr\u00e4zision mit einer tiefen, humanistischen Sicht auf den Menschen.[\/vc_column_text][lab_vc_social_networks display_type=&#8220;rounded-icons&#8220; colored=&#8220;text&#8220;][\/vc_column][vc_column width=&#8220;1\/3&#8243;][\/vc_column][\/vc_row]<\/p>\n<\/div>","protected":false},"excerpt":{"rendered":"<p>[vc_row][vc_column width=&#8220;1\/3&#8243;][vc_single_image image=&#8220;13393&#8243; img_size=&#8220;full&#8220; add_caption=&#8220;yes&#8220; css_animation=&#8220;none&#8220; css=&#8220;&#8220; retina_image=&#8220;yes&#8220;][\/vc_column][vc_column width=&#8220;1\/3&#8243;][vc_column_text css=&#8220;&#8220;]Andr\u00e9 Leischner ist ein 1978 in Zwickau geborener Fotograf, der f\u00fcr seine ausdrucksstarken B\u00fchnen-, Portrait- und People-Fotografien bekannt ist. Urspr\u00fcnglich ausgebildeter Architekt, hat Leischner seine Passion f\u00fcr die Fotografie im Laufe der Zeit von einem kreativen Nebenprojekt zu seiner beruflichen Hauptt\u00e4tigkeit entwickelt. Nach seinem Architekturstudium an&hellip;<\/p>\n","protected":false},"author":3,"featured_media":0,"parent":0,"menu_order":1,"comment_status":"closed","ping_status":"closed","template":"","meta":{"_acf_changed":false,"footnotes":""},"class_list":["post-2167","page","type-page","status-publish","hentry"],"acf":[],"_links":{"self":[{"href":"https:\/\/andreleischner.de\/WP\/wp-json\/wp\/v2\/pages\/2167","targetHints":{"allow":["GET"]}}],"collection":[{"href":"https:\/\/andreleischner.de\/WP\/wp-json\/wp\/v2\/pages"}],"about":[{"href":"https:\/\/andreleischner.de\/WP\/wp-json\/wp\/v2\/types\/page"}],"author":[{"embeddable":true,"href":"https:\/\/andreleischner.de\/WP\/wp-json\/wp\/v2\/users\/3"}],"replies":[{"embeddable":true,"href":"https:\/\/andreleischner.de\/WP\/wp-json\/wp\/v2\/comments?post=2167"}],"version-history":[{"count":108,"href":"https:\/\/andreleischner.de\/WP\/wp-json\/wp\/v2\/pages\/2167\/revisions"}],"predecessor-version":[{"id":13415,"href":"https:\/\/andreleischner.de\/WP\/wp-json\/wp\/v2\/pages\/2167\/revisions\/13415"}],"wp:attachment":[{"href":"https:\/\/andreleischner.de\/WP\/wp-json\/wp\/v2\/media?parent=2167"}],"curies":[{"name":"wp","href":"https:\/\/api.w.org\/{rel}","templated":true}]}}